{"id":1399,"date":"2018-10-18T09:57:23","date_gmt":"2018-10-18T07:57:23","guid":{"rendered":"https:\/\/test.inergis.pl?page_id=1399"},"modified":"2018-10-18T09:57:23","modified_gmt":"2018-10-18T07:57:23","slug":"medien-ueber-uns","status":"publish","type":"page","link":"https:\/\/test.inergis.pl\/de\/uber-uns\/medien-ueber-uns\/","title":{"rendered":"Medien \u00fcber uns"},"content":{"rendered":"<p>Die Artikel \u00fcber die Firma und den Themenbereich der Gesch\u00e4ftst\u00e4tigkeit der Firma finden Sie sowohl in den Branchenportalen, als auch in der Presse. Wir haben einige Beispiele zusammengestellt:<\/p>\n<p>http:\/\/oknonet.pl\/fasady\/systemy_solarne\/newsHYPERLINK &#8222;http:\/\/oknonet.pl\/fasady\/systemy_solarne\/news,17088.html&#8220;,17088.html<br \/>\nhttp:\/\/oknonet.pl\/fasady\/systemy_solarne\/solarne\/news,17095.html<br \/>\nhttp:\/\/oknonet.pl\/fasadHYPERLINK &#8222;http:\/\/oknonet.pl\/fasady\/systemy_solarne\/news,17094.html&#8220;y\/systemy_solarne\/news,17094.html<br \/>\nhttp:\/\/www.gepardybiznesu.pl\/content\/view\/2276\/273\/<br \/>\nhttp:\/\/www.gazetakrakowska.pl\/artykul\/599139,bochenski-szpital-bedzie-teraz-mala-elektrownia,id,t.html?cookie=1<\/p>\n","protected":false},"excerpt":{"rendered":"<p>Die Artikel \u00fcber die Firma und den Themenbereich der Gesch\u00e4ftst\u00e4tigkeit der Firma finden Sie sowohl in den Branchenportalen, als auch in der Presse. Wir haben einige Beispiele zusammengestellt: http:\/\/oknonet.pl\/fasady\/systemy_solarne\/newsHYPERLINK &#8222;http:\/\/oknonet.pl\/fasady\/systemy_solarne\/news,17088.html&#8220;,17088.html http:\/\/oknonet.pl\/fasady\/systemy_solarne\/solarne\/news,17095.html http:\/\/oknonet.pl\/fasadHYPERLINK &#8222;http:\/\/oknonet.pl\/fasady\/systemy_solarne\/news,17094.html&#8220;y\/systemy_solarne\/news,17094.html http:\/\/www.gepardybiznesu.pl\/content\/view\/2276\/273\/ http:\/\/www.gazetakrakowska.pl\/artykul\/599139,bochenski-szpital-bedzie-teraz-mala-elektrownia,id,t.html?cookie=1<\/p>\n","protected":false},"author":4,"featured_media":0,"parent":1336,"menu_order":39,"comment_status":"closed","ping_status":"closed","template":"","meta":{"_acf_changed":false,"ngg_post_thumbnail":0,"footnotes":""},"class_list":["post-1399","page","type-page","status-publish","hentry"],"acf":[],"_links":{"self":[{"href":"https:\/\/test.inergis.pl\/de\/wp-json\/wp\/v2\/pages\/1399","targetHints":{"allow":["GET"]}}],"collection":[{"href":"https:\/\/test.inergis.pl\/de\/wp-json\/wp\/v2\/pages"}],"about":[{"href":"https:\/\/test.inergis.pl\/de\/wp-json\/wp\/v2\/types\/page"}],"author":[{"embeddable":true,"href":"https:\/\/test.inergis.pl\/de\/wp-json\/wp\/v2\/users\/4"}],"replies":[{"embeddable":true,"href":"https:\/\/test.inergis.pl\/de\/wp-json\/wp\/v2\/comments?post=1399"}],"version-history":[{"count":1,"href":"https:\/\/test.inergis.pl\/de\/wp-json\/wp\/v2\/pages\/1399\/revisions"}],"predecessor-version":[{"id":1401,"href":"https:\/\/test.inergis.pl\/de\/wp-json\/wp\/v2\/pages\/1399\/revisions\/1401"}],"up":[{"embeddable":true,"href":"https:\/\/test.inergis.pl\/de\/wp-json\/wp\/v2\/pages\/1336"}],"wp:attachment":[{"href":"https:\/\/test.inergis.pl\/de\/wp-json\/wp\/v2\/media?parent=1399"}],"curies":[{"name":"wp","href":"https:\/\/api.w.org\/{rel}","templated":true}]}}