{"id":1336,"date":"2018-10-18T09:57:00","date_gmt":"2018-10-18T07:57:00","guid":{"rendered":"https:\/\/test.inergis.pl?page_id=1336"},"modified":"2018-12-20T12:00:15","modified_gmt":"2018-12-20T11:00:15","slug":"uber-uns","status":"publish","type":"page","link":"https:\/\/test.inergis.pl\/de\/uber-uns\/","title":{"rendered":"Uber uns"},"content":{"rendered":"<p>Umfassend erbrachte Dienstleistungen, deren Professionalit\u00e4t auf technischem Wissen, Erfahrung und F\u00e4higkeiten unserer Mitarbeiter beruht, wurden von vielen Investoren gesch\u00e4tzt, f\u00fcr die wir \u00fcber 1000 verschiedene Arten von Investitionen get\u00e4tigt haben.<\/p>\n","protected":false},"excerpt":{"rendered":"<p>Umfassend erbrachte Dienstleistungen, deren Professionalit\u00e4t auf technischem Wissen, Erfahrung und F\u00e4higkeiten unserer Mitarbeiter beruht, wurden von vielen Investoren gesch\u00e4tzt, f\u00fcr die wir \u00fcber 1000 verschiedene Arten von Investitionen get\u00e4tigt haben.<\/p>\n","protected":false},"author":4,"featured_media":0,"parent":0,"menu_order":35,"comment_status":"closed","ping_status":"closed","template":"","meta":{"_acf_changed":false,"ngg_post_thumbnail":0,"footnotes":""},"class_list":["post-1336","page","type-page","status-publish","hentry"],"acf":[],"_links":{"self":[{"href":"https:\/\/test.inergis.pl\/de\/wp-json\/wp\/v2\/pages\/1336","targetHints":{"allow":["GET"]}}],"collection":[{"href":"https:\/\/test.inergis.pl\/de\/wp-json\/wp\/v2\/pages"}],"about":[{"href":"https:\/\/test.inergis.pl\/de\/wp-json\/wp\/v2\/types\/page"}],"author":[{"embeddable":true,"href":"https:\/\/test.inergis.pl\/de\/wp-json\/wp\/v2\/users\/4"}],"replies":[{"embeddable":true,"href":"https:\/\/test.inergis.pl\/de\/wp-json\/wp\/v2\/comments?post=1336"}],"version-history":[{"count":2,"href":"https:\/\/test.inergis.pl\/de\/wp-json\/wp\/v2\/pages\/1336\/revisions"}],"predecessor-version":[{"id":2095,"href":"https:\/\/test.inergis.pl\/de\/wp-json\/wp\/v2\/pages\/1336\/revisions\/2095"}],"wp:attachment":[{"href":"https:\/\/test.inergis.pl\/de\/wp-json\/wp\/v2\/media?parent=1336"}],"curies":[{"name":"wp","href":"https:\/\/api.w.org\/{rel}","templated":true}]}}