{"id":1332,"date":"2018-10-18T09:57:08","date_gmt":"2018-10-18T07:57:08","guid":{"rendered":"https:\/\/test.inergis.pl?page_id=1332"},"modified":"2019-01-29T10:01:42","modified_gmt":"2019-01-29T09:01:42","slug":"geschichte-der-firma","status":"publish","type":"page","link":"https:\/\/test.inergis.pl\/de\/uber-uns\/geschichte-der-firma\/","title":{"rendered":"Geschichte der Firma"},"content":{"rendered":"<p>Die Firma Wachelka INERGIS S.A., die in der Bau- und Installationsbranche t\u00e4tig ist, wurde im M\u00e4rz 1988 von Herrn Marek Wachelka gegr\u00fcndet. Am Anfang war die Firma als ein 6-Personen-Bau-Unternehmen t\u00e4tig. Infolge der Umgestaltung wurde sie von der Personengesellschaft \u00fcber eine offene Handelsgesellschaft, im Jahr 2011 eine Aktiengesellschaft, und besch\u00e4ftigt zur Zeit fas 160 Arbeitnehmer. Die wichtigsten Daten zur Geschichte unserer Gesellschaft:<\/p>\n<ul>\n<li>September 1990 \u2013 der Baubetrieb wird in die Personalgesellschaft Bau- und Installationsbetrieb \u201eWachelka und \u0141yczba\u201d umgewandelt<\/li>\n<li>Februar 2002 \u2013 die Personengesellschaft Bau- und Installationsbetrieb \u201eWachelka und \u0141yczba\u201d wird in offene Handelsgesellschaft umgewandelt<\/li>\n<li>Juli 2008 \u2013 Marek Wachelka wird zum alleinigen Gesch\u00e4ftsf\u00fchrer<\/li>\n<li>Dezember 2009 \u2013 Bogus\u0142aw \u0141yczba ist schon kein Mitinhaber der Gesellschaft, Kamil Wachelka wird zum Teilhaber der Personengesellschaft Bau- und Installationsbetrieb \u201eWachelka und \u0141yczba\u201d<\/li>\n<li>April 2010 \u2013 es wurde der Name der Firma Bau- und Installationsbetrieb \u201eWachelka und \u0141yczba\u201d OHG auf \u201eWachelka INERGIS\u201c OHG ge\u00e4ndert<\/li>\n<li>Juni 2011 \u2013 Wachelka INERGIS OHG wird in eine Aktionsgesellschaft Wachelka INERGIS S.A. umgewandelt<\/li>\n<\/ul>\n<p>&nbsp;<\/p>\n<p>Seit Anfang ihrer Gesch\u00e4ftst\u00e4tigkeit ist die Firma ihren Gesch\u00e4ftsprinzipien stets treu:<\/p>\n<p>Loyalit\u00e4t und Offenheit gegen\u00fcber den Kunden und den Arbeitnehmern, der Verantwortlichkeit f\u00fcr angenommenen Auftr\u00e4ge und der Zuverl\u00e4ssigkeit bei deren Ausf\u00fchrung.<\/p>\n<p>&nbsp;<\/p>\n<p>Die Firma hat sich auf erneuerbare Energiequellen spezialisiert, d.h. Energie aus Biomasse, Solaranlagen, Photovoltaikanlagen, W\u00e4rmepumpen, Kraft-W\u00e4rme-Kopplung und Kraft-W\u00e4rme-K\u00e4lte-Kopplung mit Verwendung von Absorptions- und Adsorptionsaggregaten. Neben den Dienstleistungen im Bereich von erneuerbaren Energiequellen bieten wir Ihnen auch:<\/p>\n<ul>\n<li>Projektdienstleistungen<\/li>\n<li>moderne Heiztechnologien<\/li>\n<li>AKPiA-Systeme (Pr\u00fcf- und Messapparatur und industrielle Automatik)<\/li>\n<li>L\u00fcftungs- und Klimaanlage<\/li>\n<li>Ingenieurarbeiten<\/li>\n<li>Industrieanlagen<\/li>\n<li>Handel mit Installationsmaterialien \u2013 Gro\u00dfhandlung CIEP\u0141O-SYSTEM<\/li>\n<li>Service von Heiz-, K\u00fchl-, L\u00fcftungs- und Klimaanlagen<\/li>\n<li>Thermomodernisierungen.<\/li>\n<\/ul>\n<p>&nbsp;<\/p>\n<p>Das die Firma f\u00fcr innovative L\u00f6sungen stets offen ist, davon zeugen unsere Bauausf\u00fchrungen. Im Rahmen der im Jahre 2011 durchgef\u00fchrten Bauauftr\u00e4ge haben wir die Kraft-W\u00e4rme-Kopplungs-Anlage im Komplex der Technischen Schulen in Mielec installiert, welche im Juni 2012 \u00fcbergeben wurde, in diesem Rahmen haben wir auch die W\u00e4rmequelle durch die Verwendung der Kraft-W\u00e4rme-K\u00e4lte-Kopplung-Anlage im \u201eSelige Marta Wiecka Kreiskrankenhaus\u201c in Bochnia modernisiert.<\/p>\n<p>&nbsp;<\/p>\n<p>Im Jahre 2007 haben wir die Solaranlage mit der Gesamtfl\u00e4che von 1495m2 , eine der gr\u00f6\u00dften (als ein Energiesystem) in Polen,sowie in der letzten Zeit eine Solaranlage mit einer Fl\u00e4che von 4892m2 (als Streusystem) installiert. Die ausgef\u00fchrten Arbeiten best\u00e4tigen, dass wir notwendige Zust\u00e4ndigkeiten und F\u00e4higkeiten besitzen, um besonders schwierige Werkvertr\u00e4ge auszuf\u00fchren.<\/p>\n<p>&nbsp;<\/p>\n<p>Auf Grund dieser Erfahrungen haben wir \u00fcber 1000 verschiedene Investitionsprojekte ausgef\u00fchrt.<\/p>\n<p>&nbsp;<\/p>\n<p>Mehr Informationen zu unseren Bauausf\u00fchrungen entnehmen Sie unter Bookmark \u201eBauausf\u00fchrungen\u201c.<\/p>\n","protected":false},"excerpt":{"rendered":"<p>Die Firma Wachelka INERGIS S.A., die in der Bau- und Installationsbranche t\u00e4tig ist, wurde im M\u00e4rz 1988 von Herrn Marek Wachelka gegr\u00fcndet. Am Anfang war die Firma als ein 6-Personen-Bau-Unternehmen t\u00e4tig. Infolge der Umgestaltung wurde sie von der Personengesellschaft \u00fcber eine offene Handelsgesellschaft, im Jahr 2011 eine Aktiengesellschaft, und besch\u00e4ftigt zur Zeit fas 160 Arbeitnehmer. [&hellip;]<\/p>\n","protected":false},"author":4,"featured_media":0,"parent":1336,"menu_order":41,"comment_status":"closed","ping_status":"closed","template":"","meta":{"_acf_changed":false,"ngg_post_thumbnail":0,"footnotes":""},"class_list":["post-1332","page","type-page","status-publish","hentry"],"acf":[],"_links":{"self":[{"href":"https:\/\/test.inergis.pl\/de\/wp-json\/wp\/v2\/pages\/1332","targetHints":{"allow":["GET"]}}],"collection":[{"href":"https:\/\/test.inergis.pl\/de\/wp-json\/wp\/v2\/pages"}],"about":[{"href":"https:\/\/test.inergis.pl\/de\/wp-json\/wp\/v2\/types\/page"}],"author":[{"embeddable":true,"href":"https:\/\/test.inergis.pl\/de\/wp-json\/wp\/v2\/users\/4"}],"replies":[{"embeddable":true,"href":"https:\/\/test.inergis.pl\/de\/wp-json\/wp\/v2\/comments?post=1332"}],"version-history":[{"count":2,"href":"https:\/\/test.inergis.pl\/de\/wp-json\/wp\/v2\/pages\/1332\/revisions"}],"predecessor-version":[{"id":2115,"href":"https:\/\/test.inergis.pl\/de\/wp-json\/wp\/v2\/pages\/1332\/revisions\/2115"}],"up":[{"embeddable":true,"href":"https:\/\/test.inergis.pl\/de\/wp-json\/wp\/v2\/pages\/1336"}],"wp:attachment":[{"href":"https:\/\/test.inergis.pl\/de\/wp-json\/wp\/v2\/media?parent=1332"}],"curies":[{"name":"wp","href":"https:\/\/api.w.org\/{rel}","templated":true}]}}